{"id":9,"date":"2025-03-28T15:10:12","date_gmt":"2025-03-28T14:10:12","guid":{"rendered":"https:\/\/elco.lu\/?page_id=9"},"modified":"2025-04-15T12:02:15","modified_gmt":"2025-04-15T10:02:15","slug":"a-propos","status":"publish","type":"page","link":"https:\/\/www.elco.lu\/en\/a-propos\/","title":{"rendered":"\u00c0 propos"},"content":{"rendered":"<p class=\"qtranxs-available-languages-message qtranxs-available-languages-message-en\"> <\/p><p><\/p>\n<h1><strong>Ensemble, nous accomplissons de grandes choses.<\/strong><\/h1>\n<h2>ELCO, une valeur s\u00fbre depuis 80 ans !<\/h2>\n<p>La cr\u00e9ation d\u2019ELCO remonte \u00e0 l\u2019ann\u00e9e 1945, n\u00e9e de l\u2019initiative de trois hommes d\u2019affaires luxembourgeois anim\u00e9s par la volont\u00e9 de r\u00e9pondre, apr\u00e8s la Seconde Guerre mondiale, \u00e0 une demande croissante en solutions techniques pour le b\u00e2timent. Cette ambition de contribuer \u00e0 la reconstruction et \u00e0 l\u2019\u00e9volution du paysage luxembourgeois est rest\u00e9e, au fil des ann\u00e9es, une force motrice pour ELCO.<\/p>\n<p>L\u2019innovation et l\u2019adaptation continue aux \u00e9volutions technologiques ainsi qu\u2019aux d\u00e9fis de demain ont conduit \u00e0 une d\u00e9cision strat\u00e9gique : rejoindre le groupe STRABAG SE. En mai 2024, ELCO a ainsi int\u00e9gr\u00e9 STRABAG PFS, un acteur majeur regroupant l\u2019ensemble des activit\u00e9s techniques du b\u00e2timent ainsi que tous les services li\u00e9s, directement ou indirectement, \u00e0 la maintenance et au facility management sur la majeure partie des march\u00e9s du b\u00e2timent en l\u2019Europe.<\/p>\n<p>Ce tournant historique ouvre de nouvelles perspectives et nous permet d\u2019\u00e9largir notre offre de services avec une attention particuli\u00e8re port\u00e9e aux besoins technologiques de nos clients.<\/p>\n<p>Nous serons votre partenaire unique d\u00e8s la conception de votre projet et vous accompagnerons \u00e0 chaque \u00e9tape, du d\u00e9veloppement \u00e0 la r\u00e9alisation, en vous offrant une prise en charge compl\u00e8te et int\u00e9gr\u00e9e.<\/p>\n<p><a href=\"\/wp-content\/themes\/elco\/assets\/docs\/ELCO_BROCHURE.pdf\" target=\"_blank\" rel=\"noopener\">T\u00e9l\u00e9charger notre brochure<\/a><\/p>\n<p>&nbsp;<\/p>\n<p><img decoding=\"async\" class=\"alignnone size-medium wp-image-113\" style=\"max-width: 300px;\" src=\"https:\/\/elco.lu\/wp-content\/uploads\/2022\/05\/logo_luxembourg-1-300x71.png\" alt=\"\" width=\"100%\" srcset=\"https:\/\/www.elco.lu\/wp-content\/uploads\/2022\/05\/logo_luxembourg-1-300x71.png 300w, https:\/\/www.elco.lu\/wp-content\/uploads\/2022\/05\/logo_luxembourg-1.png 384w\" sizes=\"(max-width: 300px) 100vw, 300px\" \/><\/p>\n<p><img loading=\"lazy\" decoding=\"async\" class=\"alignnone wp-image-353 size-full\" src=\"https:\/\/www.elco.lu\/wp-content\/uploads\/2023\/06\/made-in-luxembourg-e1686900533718.jpeg\" alt=\"\" width=\"100\" height=\"80\" \/><\/p>\n<p>&nbsp;<\/p>","protected":false},"excerpt":{"rendered":"<p>Ensemble, nous accomplissons de grandes choses. ELCO, une valeur s\u00fbre depuis 80 ans ! La cr\u00e9ation d\u2019ELCO remonte \u00e0 l\u2019ann\u00e9e 1945, n\u00e9e de l\u2019initiative de trois hommes d\u2019affaires luxembourgeois anim\u00e9s par la volont\u00e9 de r\u00e9pondre, apr\u00e8s la Seconde Guerre mondiale, \u00e0 une demande croissante en solutions techniques pour le b\u00e2timent. Cette ambition de contribuer \u00e0 [&hellip;]<\/p>\n","protected":false},"author":1,"featured_media":64,"parent":0,"menu_order":1,"comment_status":"closed","ping_status":"closed","template":"template-apropos.php","meta":{"_acf_changed":false,"footnotes":""},"class_list":["post-9","page","type-page","status-publish","has-post-thumbnail","hentry"],"acf":[],"_links":{"self":[{"href":"https:\/\/www.elco.lu\/en\/wp-json\/wp\/v2\/pages\/9","targetHints":{"allow":["GET"]}}],"collection":[{"href":"https:\/\/www.elco.lu\/en\/wp-json\/wp\/v2\/pages"}],"about":[{"href":"https:\/\/www.elco.lu\/en\/wp-json\/wp\/v2\/types\/page"}],"author":[{"embeddable":true,"href":"https:\/\/www.elco.lu\/en\/wp-json\/wp\/v2\/users\/1"}],"replies":[{"embeddable":true,"href":"https:\/\/www.elco.lu\/en\/wp-json\/wp\/v2\/comments?post=9"}],"version-history":[{"count":27,"href":"https:\/\/www.elco.lu\/en\/wp-json\/wp\/v2\/pages\/9\/revisions"}],"predecessor-version":[{"id":596,"href":"https:\/\/www.elco.lu\/en\/wp-json\/wp\/v2\/pages\/9\/revisions\/596"}],"wp:featuredmedia":[{"embeddable":true,"href":"https:\/\/www.elco.lu\/en\/wp-json\/wp\/v2\/media\/64"}],"wp:attachment":[{"href":"https:\/\/www.elco.lu\/en\/wp-json\/wp\/v2\/media?parent=9"}],"curies":[{"name":"wp","href":"https:\/\/api.w.org\/{rel}","templated":true}]}}