{"id":13,"date":"2022-02-23T17:52:27","date_gmt":"2022-02-23T16:52:27","guid":{"rendered":"https:\/\/elco.lu\/?page_id=13"},"modified":"2023-06-01T10:55:18","modified_gmt":"2023-06-01T08:55:18","slug":"jobs","status":"publish","type":"page","link":"https:\/\/www.elco.lu\/en\/jobs\/","title":{"rendered":"My job"},"content":{"rendered":"<p class=\"qtranxs-available-languages-message qtranxs-available-languages-message-en\"> <\/p><p><strong>Envoyez votre candidature et CV d\u00e9taill\u00e9 \u00e0 :<\/strong><br \/>\nElco S.A.<br \/>\nRessources Humaines<br \/>\n12 Zone Industrielle<br \/>\nL-8287 Kehlen<\/p>\n<p>ou par mail :\u00a0<a href=\"mailto:recrutement@elco.lu\">recrutement@elco.lu<\/a><\/p>","protected":false},"excerpt":{"rendered":"<p>Envoyez votre candidature et CV d\u00e9taill\u00e9 \u00e0 : Elco S.A. Ressources Humaines 12 Zone Industrielle L-8287 Kehlen ou par mail :\u00a0recrutement@elco.lu<\/p>\n","protected":false},"author":1,"featured_media":0,"parent":0,"menu_order":3,"comment_status":"closed","ping_status":"closed","template":"template-jobs.php","meta":{"_acf_changed":false,"footnotes":""},"class_list":["post-13","page","type-page","status-publish","hentry"],"acf":[],"_links":{"self":[{"href":"https:\/\/www.elco.lu\/en\/wp-json\/wp\/v2\/pages\/13","targetHints":{"allow":["GET"]}}],"collection":[{"href":"https:\/\/www.elco.lu\/en\/wp-json\/wp\/v2\/pages"}],"about":[{"href":"https:\/\/www.elco.lu\/en\/wp-json\/wp\/v2\/types\/page"}],"author":[{"embeddable":true,"href":"https:\/\/www.elco.lu\/en\/wp-json\/wp\/v2\/users\/1"}],"replies":[{"embeddable":true,"href":"https:\/\/www.elco.lu\/en\/wp-json\/wp\/v2\/comments?post=13"}],"version-history":[{"count":8,"href":"https:\/\/www.elco.lu\/en\/wp-json\/wp\/v2\/pages\/13\/revisions"}],"predecessor-version":[{"id":347,"href":"https:\/\/www.elco.lu\/en\/wp-json\/wp\/v2\/pages\/13\/revisions\/347"}],"wp:attachment":[{"href":"https:\/\/www.elco.lu\/en\/wp-json\/wp\/v2\/media?parent=13"}],"curies":[{"name":"wp","href":"https:\/\/api.w.org\/{rel}","templated":true}]}}