{"id":493,"date":"2024-03-26T14:06:25","date_gmt":"2024-03-26T13:06:25","guid":{"rendered":"https:\/\/www.elco.lu\/?page_id=493"},"modified":"2024-03-27T10:49:22","modified_gmt":"2024-03-27T09:49:22","slug":"cookie-policy","status":"publish","type":"page","link":"https:\/\/www.elco.lu\/de\/cookie-policy\/","title":{"rendered":"Cookie Policy"},"content":{"rendered":"<p class=\"qtranxs-available-languages-message qtranxs-available-languages-message-de\"> <\/p><p><strong>Cookie Policy<\/strong><\/p>\n<p>Le pr\u00e9sent site web est g\u00e9r\u00e9 par la soci\u00e9t\u00e9 anonyme ELCO S.A., ayant son si\u00e8ge social \u00e0 12, Zone industrielle, L-8287 Kehlen, (ci-apr\u00e8s \u00ab\u00a0ELCO \u00bb).<span class=\"Apple-converted-space\">\u00a0 <\/span>ELCO utilise des cookies sur son site web et la pr\u00e9sente politique (ci-apr\u00e8s \u00ab\u00a0Cookie Policy\u00a0\u00bb) vise \u00e0 informer les visiteurs du site web sur les informations collect\u00e9es ainsi que les modalit\u00e9s et finalit\u00e9s de cette collecte.<span class=\"Apple-converted-space\">\u00a0<\/span><\/p>\n<p><b>Qu&#8217;est-ce qu&#8217;un cookie ?<\/b><\/p>\n<p>Un cookie est un fichier texte susceptible d&#8217;\u00eatre h\u00e9berg\u00e9 sur votre terminal (ordinateur, tablette, smartphone, etc.) \u00e0 l&#8217;occasion de la consultation d\u2019un site web. L&#8217;utilisation des cookies permet d&#8217;am\u00e9liorer votre exp\u00e9rience de navigation, en enregistrant par exemple vos pr\u00e9f\u00e9rences de navigation comme le choix de la langue.<\/p>\n<p><b>Types de cookies utilis\u00e9s par la soci\u00e9t\u00e9<span class=\"Apple-converted-space\">\u00a0<\/span><\/b><\/p>\n<p>Vous trouverez ci-apr\u00e8s une liste des cookies utilis\u00e9s par ELCO.<\/p>\n<p><i>Cookies statistiques<span class=\"Apple-converted-space\">\u00a0<\/span><\/i><\/p>\n<p>Le site d\u2019ELCO ne se sert pas de cookies statistiques aident ainsi \u00e0 comprendre comment les visiteurs interagissent avec les sites web en collectant et en rapportant informations de mani\u00e8re anonyme.<span class=\"Apple-converted-space\">\u00a0<\/span><\/p>\n<table cellspacing=\"0\" cellpadding=\"0\">\n<tbody>\n<tr>\n<td valign=\"top\"><b>Nom du Cookie \u00a0\u00a0<\/b><\/td>\n<td valign=\"top\"><b>\u00a0 \u00a0Donn\u00e9es personnelles<\/b><\/td>\n<td valign=\"top\"><b>\u00a0 \u00a0Finalit\u00e9<\/b><\/td>\n<td valign=\"top\"><b>\u00a0 \u00a0Expiration<\/b><\/td>\n<\/tr>\n<tr>\n<td valign=\"top\">N\u00e9ant<\/td>\n<td valign=\"top\">\u00a0 \u00a0N\u00e9ant<\/td>\n<td valign=\"top\">\u00a0 \u00a0N\u00e9ant<\/td>\n<td valign=\"top\">\u00a0 \u00a0N\u00e9ant<\/td>\n<\/tr>\n<\/tbody>\n<\/table>\n<p><i><span class=\"Apple-converted-space\">\u00a0<\/span><\/i><\/p>\n<p><i>Autres Cookies<span class=\"Apple-converted-space\">\u00a0<\/span><\/i><\/p>\n<table cellspacing=\"0\" cellpadding=\"0\">\n<tbody>\n<tr>\n<td valign=\"top\"><b>Nom du Cookie<\/b><\/td>\n<td valign=\"top\"><b>\u00a0 \u00a0Donn\u00e9es personnelles<\/b><\/td>\n<td valign=\"top\"><b>\u00a0 \u00a0Finalit\u00e9<\/b><\/td>\n<td valign=\"top\"><b>\u00a0 \u00a0Expiration<\/b><\/td>\n<\/tr>\n<tr>\n<td valign=\"top\">R\u00e9glages de cookies<\/td>\n<td valign=\"top\">\u00a0 \u00a0Aucune<\/td>\n<td valign=\"top\">\u00a0 \u00a01 mois<\/td>\n<td valign=\"top\">\u00a0 \u00a01 mois<\/td>\n<\/tr>\n<\/tbody>\n<\/table>\n<p>&nbsp;<\/p>\n<p><b>Vos droits en relation avec les cookies<span class=\"Apple-converted-space\">\u00a0<\/span><\/b><\/p>\n<p>Lorsque vous acc\u00e9dez \u00e0 notre site web, vous \u00eates inform\u00e9 par une banni\u00e8re pop-up de l&#8217;utilisation de cookies sur votre terminal. Vous avez donc la possibilit\u00e9 d\u2019accepter l\u2019utilisation de cookies en cliquant sur \u00ab\u00a0Accept\u00a0\u00bb, de refuser l\u2019utilisation de cookies en cliquant sur \u00ab\u00a0Reject\u00a0\u00bb et d\u2019obtenir des explications compl\u00e9mentaires en cliquant sur l\u2019option \u00ab\u00a0settings\u00a0\u00bb.<span class=\"Apple-converted-space\">\u00a0<\/span><\/p>\n<p>Une fois que vous aurez cliqu\u00e9 sur &#8222;Accept&#8220; ou \u00ab\u00a0Reject\u00a0\u00bb vous ne verrez plus la banni\u00e8re contextuelle lorsque vous acc\u00e9derez \u00e0 ce site web avec le m\u00eame navigateur internet de votre dispositif terminal, \u00e0 moins que ces cookies n&#8217;aient expir\u00e9 ou n&#8217;aient \u00e9t\u00e9 supprim\u00e9s de votre dispositif.<\/p>\n<p>\u00c0 tout moment, vous pouvez supprimer, bloquer ou d\u00e9sactiver les cookies par le biais des param\u00e8tres de votre navigateur. ELCO ne peut \u00eatre tenue responsable du mauvais fonctionnement ou de l&#8217;interruption de ce site web en raison du rejet ou de la suppression des cookies n\u00e9cessaires \u00e0 son bon fonctionnement.<\/p>\n<p><b>Destinataires<\/b><\/p>\n<p>Les personnes occupant les fonctions suivantes sont destinataires des donn\u00e9es \u00e0 caract\u00e8re personnel collect\u00e9es par le biais des cookies : la direction, le service comptabilit\u00e9 \/ ressources humaines \/ marketing.<\/p>\n<p><b>D\u00e9lai de r\u00e9tention<span class=\"Apple-converted-space\">\u00a0<\/span><\/b><\/p>\n<p>ELCO ne conserve aucune donn\u00e9es \u00e0 caract\u00e8re personnel.<\/p>\n<p><b>Plus d\u2019informations<\/b><\/p>\n<p>En cas de besoin de plus d\u2019informations sur la gestion et l\u2019utilisation des cookies, veuillez contacter\u00a0: notre DPO ELCO au dpo@elco.lu ou au +352 40 111-244<span class=\"Apple-converted-space\">\u00a0<\/span><\/p>\n<p><b>Mise \u00e0 jour de la Cookie Policy<span class=\"Apple-converted-space\">\u00a0<\/span><\/b><\/p>\n<p>ELCO se r\u00e9serve le droit de remplacer ou de modifier la pr\u00e9sente politique \u00e0 tout moment et ceci sans information pr\u00e9alable.<span class=\"Apple-converted-space\">\u00a0 <\/span>La derni\u00e8re version applicable sera la version publi\u00e9e sur <a href=\"https:\/\/www.elco.lu\/cookie-policy\/\">https:\/\/www.elco.lu\/cookie-policy\/<\/a><\/p>\n<p><span class=\"Apple-converted-space\">\u00a0\u00a0<\/span><\/p>","protected":false},"excerpt":{"rendered":"<p>Cookie Policy Le pr\u00e9sent site web est g\u00e9r\u00e9 par la soci\u00e9t\u00e9 anonyme ELCO S.A., ayant son si\u00e8ge social \u00e0 12, Zone industrielle, L-8287 Kehlen, (ci-apr\u00e8s \u00ab\u00a0ELCO \u00bb).\u00a0 ELCO utilise des cookies sur son site web et la pr\u00e9sente politique (ci-apr\u00e8s \u00ab\u00a0Cookie Policy\u00a0\u00bb) vise \u00e0 informer les visiteurs du site web sur les informations collect\u00e9es ainsi [&hellip;]<\/p>\n","protected":false},"author":1,"featured_media":0,"parent":0,"menu_order":0,"comment_status":"closed","ping_status":"closed","template":"","meta":{"_acf_changed":false,"footnotes":""},"class_list":["post-493","page","type-page","status-publish","hentry"],"acf":[],"_links":{"self":[{"href":"https:\/\/www.elco.lu\/de\/wp-json\/wp\/v2\/pages\/493","targetHints":{"allow":["GET"]}}],"collection":[{"href":"https:\/\/www.elco.lu\/de\/wp-json\/wp\/v2\/pages"}],"about":[{"href":"https:\/\/www.elco.lu\/de\/wp-json\/wp\/v2\/types\/page"}],"author":[{"embeddable":true,"href":"https:\/\/www.elco.lu\/de\/wp-json\/wp\/v2\/users\/1"}],"replies":[{"embeddable":true,"href":"https:\/\/www.elco.lu\/de\/wp-json\/wp\/v2\/comments?post=493"}],"version-history":[{"count":6,"href":"https:\/\/www.elco.lu\/de\/wp-json\/wp\/v2\/pages\/493\/revisions"}],"predecessor-version":[{"id":502,"href":"https:\/\/www.elco.lu\/de\/wp-json\/wp\/v2\/pages\/493\/revisions\/502"}],"wp:attachment":[{"href":"https:\/\/www.elco.lu\/de\/wp-json\/wp\/v2\/media?parent=493"}],"curies":[{"name":"wp","href":"https:\/\/api.w.org\/{rel}","templated":true}]}}